{"id":689,"date":"2024-10-22T18:40:35","date_gmt":"2024-10-22T18:40:35","guid":{"rendered":"https:\/\/marfilmes.com\/?page_id=689"},"modified":"2024-12-28T11:31:37","modified_gmt":"2024-12-28T11:31:37","slug":"justica-artificial","status":"publish","type":"page","link":"https:\/\/marfilmes.com\/en\/justica-artificial\/","title":{"rendered":"Justi\u00e7a Artificial"},"content":{"rendered":"<div data-elementor-type=\"wp-page\" data-elementor-id=\"689\" class=\"elementor elementor-689\">\n\t\t\t\t\t\t<section class=\"elementor-section elementor-top-section elementor-element elementor-element-35272e4 elementor-section-full_width elementor-section-height-default elementor-section-height-default\" data-id=\"35272e4\" data-element_type=\"section\" data-e-type=\"section\" data-settings=\"{&quot;background_background&quot;:&quot;classic&quot;}\">\n\t\t\t\t\t\t<div class=\"elementor-container elementor-column-gap-default\">\n\t\t\t\t\t<div class=\"elementor-column elementor-col-100 elementor-top-column elementor-element elementor-element-3b686bf3\" data-id=\"3b686bf3\" data-element_type=\"column\" data-e-type=\"column\" data-settings=\"{&quot;background_background&quot;:&quot;classic&quot;}\">\n\t\t\t<div class=\"elementor-widget-wrap elementor-element-populated\">\n\t\t\t\t\t\t<div class=\"elementor-element elementor-element-612b7cd3 elementor-widget elementor-widget-image\" data-id=\"612b7cd3\" data-element_type=\"widget\" data-e-type=\"widget\" data-widget_type=\"image.default\">\n\t\t\t\t<div class=\"elementor-widget-container\">\n\t\t\t\t\t\t\t\t\t\t\t\t<figure class=\"wp-caption\">\n\t\t\t\t\t\t\t\t\t\t<img fetchpriority=\"high\" decoding=\"async\" width=\"1536\" height=\"461\" src=\"https:\/\/marfilmes.com\/wp-content\/uploads\/2024\/10\/STILL_JUSTICIA_ARTIFICIAL_07-e1735385473823-1536x461.jpg\" class=\"attachment-1536x1536 size-1536x1536 wp-image-691\" alt=\"\" srcset=\"https:\/\/marfilmes.com\/wp-content\/uploads\/2024\/10\/STILL_JUSTICIA_ARTIFICIAL_07-e1735385473823-1536x461.jpg 1536w, https:\/\/marfilmes.com\/wp-content\/uploads\/2024\/10\/STILL_JUSTICIA_ARTIFICIAL_07-e1735385473823-300x90.jpg 300w, https:\/\/marfilmes.com\/wp-content\/uploads\/2024\/10\/STILL_JUSTICIA_ARTIFICIAL_07-e1735385473823-1024x307.jpg 1024w, https:\/\/marfilmes.com\/wp-content\/uploads\/2024\/10\/STILL_JUSTICIA_ARTIFICIAL_07-e1735385473823-768x230.jpg 768w, https:\/\/marfilmes.com\/wp-content\/uploads\/2024\/10\/STILL_JUSTICIA_ARTIFICIAL_07-e1735385473823-18x5.jpg 18w, https:\/\/marfilmes.com\/wp-content\/uploads\/2024\/10\/STILL_JUSTICIA_ARTIFICIAL_07-e1735385473823.jpg 2000w\" sizes=\"(max-width: 1536px) 100vw, 1536px\" \/>\t\t\t\t\t\t\t\t\t\t\t<figcaption class=\"widget-image-caption wp-caption-text\">\"Artificial Justice\" by Sim\u00f3n Casal (2024)<\/figcaption>\n\t\t\t\t\t\t\t\t\t\t<\/figure>\n\t\t\t\t\t\t\t\t\t<\/div>\n\t\t\t\t<\/div>\n\t\t\t\t\t<\/div>\n\t\t<\/div>\n\t\t\t\t\t<\/div>\n\t\t<\/section>\n\t\t\t\t<section class=\"elementor-section elementor-top-section elementor-element elementor-element-ca1b9c1 elementor-section-boxed elementor-section-height-default elementor-section-height-default\" data-id=\"ca1b9c1\" data-element_type=\"section\" data-e-type=\"section\" data-settings=\"{&quot;background_background&quot;:&quot;classic&quot;}\">\n\t\t\t\t\t\t<div class=\"elementor-container elementor-column-gap-default\">\n\t\t\t\t\t<div class=\"elementor-column elementor-col-100 elementor-top-column elementor-element elementor-element-a6ddc79\" data-id=\"a6ddc79\" data-element_type=\"column\" data-e-type=\"column\">\n\t\t\t<div class=\"elementor-widget-wrap elementor-element-populated\">\n\t\t\t\t\t\t<div class=\"elementor-element elementor-element-a6eedb5 elementor-widget elementor-widget-spacer\" data-id=\"a6eedb5\" data-element_type=\"widget\" data-e-type=\"widget\" data-widget_type=\"spacer.default\">\n\t\t\t\t<div class=\"elementor-widget-container\">\n\t\t\t\t\t\t\t<div class=\"elementor-spacer\">\n\t\t\t<div class=\"elementor-spacer-inner\"><\/div>\n\t\t<\/div>\n\t\t\t\t\t\t<\/div>\n\t\t\t\t<\/div>\n\t\t\t\t\t<\/div>\n\t\t<\/div>\n\t\t\t\t\t<\/div>\n\t\t<\/section>\n\t\t\t\t<section class=\"elementor-section elementor-top-section elementor-element elementor-element-7334df3e elementor-section-boxed elementor-section-height-default elementor-section-height-default\" data-id=\"7334df3e\" data-element_type=\"section\" data-e-type=\"section\" data-settings=\"{&quot;background_background&quot;:&quot;classic&quot;}\">\n\t\t\t\t\t\t<div class=\"elementor-container elementor-column-gap-default\">\n\t\t\t\t\t<div class=\"elementor-column elementor-col-33 elementor-top-column elementor-element elementor-element-2800f88e\" data-id=\"2800f88e\" data-element_type=\"column\" data-e-type=\"column\">\n\t\t\t<div class=\"elementor-widget-wrap elementor-element-populated\">\n\t\t\t\t\t\t<div class=\"elementor-element elementor-element-63759f94 elementor-widget elementor-widget-image\" data-id=\"63759f94\" data-element_type=\"widget\" data-e-type=\"widget\" data-widget_type=\"image.default\">\n\t\t\t\t<div class=\"elementor-widget-container\">\n\t\t\t\t\t\t\t\t\t\t\t\t\t\t\t<img decoding=\"async\" width=\"724\" height=\"1024\" src=\"https:\/\/marfilmes.com\/wp-content\/uploads\/2024\/10\/AF_JUSTICA_AI_PT_poster-724x1024.jpg\" class=\"attachment-large size-large wp-image-692\" alt=\"\" srcset=\"https:\/\/marfilmes.com\/wp-content\/uploads\/2024\/10\/AF_JUSTICA_AI_PT_poster-724x1024.jpg 724w, https:\/\/marfilmes.com\/wp-content\/uploads\/2024\/10\/AF_JUSTICA_AI_PT_poster-212x300.jpg 212w, https:\/\/marfilmes.com\/wp-content\/uploads\/2024\/10\/AF_JUSTICA_AI_PT_poster-768x1086.jpg 768w, https:\/\/marfilmes.com\/wp-content\/uploads\/2024\/10\/AF_JUSTICA_AI_PT_poster-1086x1536.jpg 1086w, https:\/\/marfilmes.com\/wp-content\/uploads\/2024\/10\/AF_JUSTICA_AI_PT_poster-1448x2048.jpg 1448w, https:\/\/marfilmes.com\/wp-content\/uploads\/2024\/10\/AF_JUSTICA_AI_PT_poster.jpg 1754w\" sizes=\"(max-width: 724px) 100vw, 724px\" \/>\t\t\t\t\t\t\t\t\t\t\t\t\t\t\t<\/div>\n\t\t\t\t<\/div>\n\t\t\t\t\t<\/div>\n\t\t<\/div>\n\t\t\t\t<div class=\"elementor-column elementor-col-66 elementor-top-column elementor-element elementor-element-123da717\" data-id=\"123da717\" data-element_type=\"column\" data-e-type=\"column\">\n\t\t\t<div class=\"elementor-widget-wrap elementor-element-populated\">\n\t\t\t\t\t\t<div class=\"elementor-element elementor-element-2987daa2 elementor-widget elementor-widget-heading\" data-id=\"2987daa2\" data-element_type=\"widget\" data-e-type=\"widget\" data-widget_type=\"heading.default\">\n\t\t\t\t<div class=\"elementor-widget-container\">\n\t\t\t\t\t<h2 class=\"elementor-heading-title elementor-size-default\">ARTIFICIAL JUSTICE<\/h2>\t\t\t\t<\/div>\n\t\t\t\t<\/div>\n\t\t\t\t<div class=\"elementor-element elementor-element-59e099c8 elementor-widget elementor-widget-text-editor\" data-id=\"59e099c8\" data-element_type=\"widget\" data-e-type=\"widget\" data-widget_type=\"text-editor.default\">\n\t\t\t\t<div class=\"elementor-widget-container\">\n\t\t\t\t\t\t\t\t\t<p>The Spanish government announces a referendum to approve an Artificial Intelligence (THENTE) system in the Administration of Justice, which promises to automate and depoliticise justice, effectively replacing judges in all courts across the country.<\/p><p>The referendum sparks a fierce election campaign, pitting the Government, in alliance with the tech company that created the system, against the judiciary, which defends the human nature of justice. Carmen Costa, a renowned judge, is invited to work on the development of the THENTE project, but the sudden disappearance of Alicia K\u00f3vack, the creator of the system, raises her suspicions to the point where she begins to uncover the tip of the iceberg of a conspiracy aimed at controlling an entire country through justice.<\/p><p><strong>Specs<br \/><\/strong>ES \/ PT | 98\u2019 | Fiction | DCP | Colour | 2024<\/p><p>Justicia Artificial AIE | Tornasol Media | Abano Producciones | Ukbar Filmes<\/p>\t\t\t\t\t\t\t\t<\/div>\n\t\t\t\t<\/div>\n\t\t\t\t<div class=\"elementor-element elementor-element-f173bae elementor-widget elementor-widget-button\" data-id=\"f173bae\" data-element_type=\"widget\" data-e-type=\"widget\" data-widget_type=\"button.default\">\n\t\t\t\t<div class=\"elementor-widget-container\">\n\t\t\t\t\t\t\t\t\t<div class=\"elementor-button-wrapper\">\n\t\t\t\t\t<a class=\"elementor-button elementor-button-link elementor-size-sm\" href=\"https:\/\/ukbar-filmes.filemail.com\/d\/pypglguviwdhaee\" target=\"_blank\">\n\t\t\t\t\t\t<span class=\"elementor-button-content-wrapper\">\n\t\t\t\t\t\t\t\t\t<span class=\"elementor-button-text\">PROMOTIONAL FILES<\/span>\n\t\t\t\t\t<\/span>\n\t\t\t\t\t<\/a>\n\t\t\t\t<\/div>\n\t\t\t\t\t\t\t\t<\/div>\n\t\t\t\t<\/div>\n\t\t\t\t\t<\/div>\n\t\t<\/div>\n\t\t\t\t\t<\/div>\n\t\t<\/section>\n\t\t\t\t<\/div>","protected":false},"excerpt":{"rendered":"<p>&#8220;Justi\u00e7a Artificial&#8221; de Sim\u00f3n Casal (2024) JUSTI\u00c7A ARTIFICIAL O governo espanhol anuncia um referendo para aprovar um sistema de Intelig\u00eancia Artificial (THENTE) na Administra\u00e7\u00e3o da Justi\u00e7a que promete automatizar e despolitizar a justi\u00e7a, substituindo, na pr\u00e1tica, os ju\u00edzes em todos os tribunais do pa\u00eds. O referendo desencadeia uma feroz campanha eleitoral em que se defrontam [&hellip;]<\/p>","protected":false},"author":1,"featured_media":0,"parent":0,"menu_order":0,"comment_status":"closed","ping_status":"closed","template":"","meta":{"om_disable_all_campaigns":false,"_monsterinsights_skip_tracking":false,"_monsterinsights_sitenote_active":false,"_monsterinsights_sitenote_note":"","_monsterinsights_sitenote_category":0,"ocean_post_layout":"","ocean_both_sidebars_style":"","ocean_both_sidebars_content_width":0,"ocean_both_sidebars_sidebars_width":0,"ocean_sidebar":"","ocean_second_sidebar":"","ocean_disable_margins":"enable","ocean_add_body_class":"","ocean_shortcode_before_top_bar":"","ocean_shortcode_after_top_bar":"","ocean_shortcode_before_header":"","ocean_shortcode_after_header":"","ocean_has_shortcode":"","ocean_shortcode_after_title":"","ocean_shortcode_before_footer_widgets":"","ocean_shortcode_after_footer_widgets":"","ocean_shortcode_before_footer_bottom":"","ocean_shortcode_after_footer_bottom":"","ocean_display_top_bar":"default","ocean_display_header":"default","ocean_header_style":"","ocean_center_header_left_menu":"","ocean_custom_header_template":"","ocean_custom_logo":0,"ocean_custom_retina_logo":0,"ocean_custom_logo_max_width":0,"ocean_custom_logo_tablet_max_width":0,"ocean_custom_logo_mobile_max_width":0,"ocean_custom_logo_max_height":0,"ocean_custom_logo_tablet_max_height":0,"ocean_custom_logo_mobile_max_height":0,"ocean_header_custom_menu":"","ocean_menu_typo_font_family":"","ocean_menu_typo_font_subset":"","ocean_menu_typo_font_size":0,"ocean_menu_typo_font_size_tablet":0,"ocean_menu_typo_font_size_mobile":0,"ocean_menu_typo_font_size_unit":"px","ocean_menu_typo_font_weight":"","ocean_menu_typo_font_weight_tablet":"","ocean_menu_typo_font_weight_mobile":"","ocean_menu_typo_transform":"","ocean_menu_typo_transform_tablet":"","ocean_menu_typo_transform_mobile":"","ocean_menu_typo_line_height":0,"ocean_menu_typo_line_height_tablet":0,"ocean_menu_typo_line_height_mobile":0,"ocean_menu_typo_line_height_unit":"","ocean_menu_typo_spacing":0,"ocean_menu_typo_spacing_tablet":0,"ocean_menu_typo_spacing_mobile":0,"ocean_menu_typo_spacing_unit":"","ocean_menu_link_color":"","ocean_menu_link_color_hover":"","ocean_menu_link_color_active":"","ocean_menu_link_background":"","ocean_menu_link_hover_background":"","ocean_menu_link_active_background":"","ocean_menu_social_links_bg":"","ocean_menu_social_hover_links_bg":"","ocean_menu_social_links_color":"","ocean_menu_social_hover_links_color":"","ocean_disable_title":"default","ocean_disable_heading":"default","ocean_post_title":"","ocean_post_subheading":"","ocean_post_title_style":"","ocean_post_title_background_color":"","ocean_post_title_background":0,"ocean_post_title_bg_image_position":"","ocean_post_title_bg_image_attachment":"","ocean_post_title_bg_image_repeat":"","ocean_post_title_bg_image_size":"","ocean_post_title_height":0,"ocean_post_title_bg_overlay":0.5,"ocean_post_title_bg_overlay_color":"","ocean_disable_breadcrumbs":"default","ocean_breadcrumbs_color":"","ocean_breadcrumbs_separator_color":"","ocean_breadcrumbs_links_color":"","ocean_breadcrumbs_links_hover_color":"","ocean_display_footer_widgets":"default","ocean_display_footer_bottom":"default","ocean_custom_footer_template":"","footnotes":""},"class_list":["post-689","page","type-page","status-publish","hentry","entry"],"aioseo_notices":[],"_links":{"self":[{"href":"https:\/\/marfilmes.com\/en\/wp-json\/wp\/v2\/pages\/689","targetHints":{"allow":["GET"]}}],"collection":[{"href":"https:\/\/marfilmes.com\/en\/wp-json\/wp\/v2\/pages"}],"about":[{"href":"https:\/\/marfilmes.com\/en\/wp-json\/wp\/v2\/types\/page"}],"author":[{"embeddable":true,"href":"https:\/\/marfilmes.com\/en\/wp-json\/wp\/v2\/users\/1"}],"replies":[{"embeddable":true,"href":"https:\/\/marfilmes.com\/en\/wp-json\/wp\/v2\/comments?post=689"}],"version-history":[{"count":19,"href":"https:\/\/marfilmes.com\/en\/wp-json\/wp\/v2\/pages\/689\/revisions"}],"predecessor-version":[{"id":1430,"href":"https:\/\/marfilmes.com\/en\/wp-json\/wp\/v2\/pages\/689\/revisions\/1430"}],"wp:attachment":[{"href":"https:\/\/marfilmes.com\/en\/wp-json\/wp\/v2\/media?parent=689"}],"curies":[{"name":"wp","href":"https:\/\/api.w.org\/{rel}","templated":true}]}}