{"id":621,"date":"2024-10-22T17:37:49","date_gmt":"2024-10-22T17:37:49","guid":{"rendered":"https:\/\/marfilmes.com\/?page_id=621"},"modified":"2024-12-27T11:31:35","modified_gmt":"2024-12-27T11:31:35","slug":"cronica-dos-bons-malandros","status":"publish","type":"page","link":"https:\/\/marfilmes.com\/en\/cronica-dos-bons-malandros\/","title":{"rendered":"Cr\u00f3nica dos Bons Malandros"},"content":{"rendered":"<div data-elementor-type=\"wp-page\" data-elementor-id=\"621\" class=\"elementor elementor-621\">\n\t\t\t\t\t\t<section class=\"elementor-section elementor-top-section elementor-element elementor-element-14dfe584 elementor-section-full_width elementor-section-height-default elementor-section-height-default\" data-id=\"14dfe584\" data-element_type=\"section\" data-e-type=\"section\" data-settings=\"{&quot;background_background&quot;:&quot;classic&quot;}\">\n\t\t\t\t\t\t<div class=\"elementor-container elementor-column-gap-default\">\n\t\t\t\t\t<div class=\"elementor-column elementor-col-100 elementor-top-column elementor-element elementor-element-1a232925\" data-id=\"1a232925\" data-element_type=\"column\" data-e-type=\"column\" data-settings=\"{&quot;background_background&quot;:&quot;classic&quot;}\">\n\t\t\t<div class=\"elementor-widget-wrap elementor-element-populated\">\n\t\t\t\t\t\t<div class=\"elementor-element elementor-element-f98b327 elementor-widget elementor-widget-image\" data-id=\"f98b327\" data-element_type=\"widget\" data-e-type=\"widget\" data-widget_type=\"image.default\">\n\t\t\t\t<div class=\"elementor-widget-container\">\n\t\t\t\t\t\t\t\t\t\t\t\t<figure class=\"wp-caption\">\n\t\t\t\t\t\t\t\t\t\t<img fetchpriority=\"high\" decoding=\"async\" width=\"1536\" height=\"525\" src=\"https:\/\/marfilmes.com\/wp-content\/uploads\/2024\/10\/Foto-Capa_long-e1735299080331-1536x525.jpg\" class=\"attachment-1536x1536 size-1536x1536 wp-image-288\" alt=\"\" srcset=\"https:\/\/marfilmes.com\/wp-content\/uploads\/2024\/10\/Foto-Capa_long-e1735299080331-1536x525.jpg 1536w, https:\/\/marfilmes.com\/wp-content\/uploads\/2024\/10\/Foto-Capa_long-e1735299080331-300x102.jpg 300w, https:\/\/marfilmes.com\/wp-content\/uploads\/2024\/10\/Foto-Capa_long-e1735299080331-1024x350.jpg 1024w, https:\/\/marfilmes.com\/wp-content\/uploads\/2024\/10\/Foto-Capa_long-e1735299080331-768x262.jpg 768w, https:\/\/marfilmes.com\/wp-content\/uploads\/2024\/10\/Foto-Capa_long-e1735299080331-18x6.jpg 18w, https:\/\/marfilmes.com\/wp-content\/uploads\/2024\/10\/Foto-Capa_long-e1735299080331.jpg 2000w\" sizes=\"(max-width: 1536px) 100vw, 1536px\" \/>\t\t\t\t\t\t\t\t\t\t\t<figcaption class=\"widget-image-caption wp-caption-text\">\"Good Crooks\u2019 Chronicles\" by Jorge Paix\u00e3o da Costa (2020) <\/figcaption>\n\t\t\t\t\t\t\t\t\t\t<\/figure>\n\t\t\t\t\t\t\t\t\t<\/div>\n\t\t\t\t<\/div>\n\t\t\t\t\t<\/div>\n\t\t<\/div>\n\t\t\t\t\t<\/div>\n\t\t<\/section>\n\t\t\t\t<section class=\"elementor-section elementor-top-section elementor-element elementor-element-b67c605 elementor-section-boxed elementor-section-height-default elementor-section-height-default\" data-id=\"b67c605\" data-element_type=\"section\" data-e-type=\"section\" data-settings=\"{&quot;background_background&quot;:&quot;classic&quot;}\">\n\t\t\t\t\t\t<div class=\"elementor-container elementor-column-gap-default\">\n\t\t\t\t\t<div class=\"elementor-column elementor-col-100 elementor-top-column elementor-element elementor-element-3bd86e6\" data-id=\"3bd86e6\" data-element_type=\"column\" data-e-type=\"column\">\n\t\t\t<div class=\"elementor-widget-wrap elementor-element-populated\">\n\t\t\t\t\t\t<div class=\"elementor-element elementor-element-239e339 elementor-widget elementor-widget-spacer\" data-id=\"239e339\" data-element_type=\"widget\" data-e-type=\"widget\" data-widget_type=\"spacer.default\">\n\t\t\t\t<div class=\"elementor-widget-container\">\n\t\t\t\t\t\t\t<div class=\"elementor-spacer\">\n\t\t\t<div class=\"elementor-spacer-inner\"><\/div>\n\t\t<\/div>\n\t\t\t\t\t\t<\/div>\n\t\t\t\t<\/div>\n\t\t\t\t\t<\/div>\n\t\t<\/div>\n\t\t\t\t\t<\/div>\n\t\t<\/section>\n\t\t\t\t<section class=\"elementor-section elementor-top-section elementor-element elementor-element-6e3d143e elementor-section-boxed elementor-section-height-default elementor-section-height-default\" data-id=\"6e3d143e\" data-element_type=\"section\" data-e-type=\"section\" data-settings=\"{&quot;background_background&quot;:&quot;classic&quot;}\">\n\t\t\t\t\t\t<div class=\"elementor-container elementor-column-gap-default\">\n\t\t\t\t\t<div class=\"elementor-column elementor-col-33 elementor-top-column elementor-element elementor-element-41f37c81\" data-id=\"41f37c81\" data-element_type=\"column\" data-e-type=\"column\">\n\t\t\t<div class=\"elementor-widget-wrap elementor-element-populated\">\n\t\t\t\t\t\t<div class=\"elementor-element elementor-element-4a3f5d1 elementor-widget elementor-widget-image\" data-id=\"4a3f5d1\" data-element_type=\"widget\" data-e-type=\"widget\" data-widget_type=\"image.default\">\n\t\t\t\t<div class=\"elementor-widget-container\">\n\t\t\t\t\t\t\t\t\t\t\t\t\t\t\t<img decoding=\"async\" width=\"689\" height=\"1024\" src=\"https:\/\/marfilmes.com\/wp-content\/uploads\/2024\/10\/Cronica-Bons-Malandros_poster-689x1024.jpg\" class=\"attachment-large size-large wp-image-648\" alt=\"\" srcset=\"https:\/\/marfilmes.com\/wp-content\/uploads\/2024\/10\/Cronica-Bons-Malandros_poster-689x1024.jpg 689w, https:\/\/marfilmes.com\/wp-content\/uploads\/2024\/10\/Cronica-Bons-Malandros_poster-202x300.jpg 202w, https:\/\/marfilmes.com\/wp-content\/uploads\/2024\/10\/Cronica-Bons-Malandros_poster-768x1142.jpg 768w, https:\/\/marfilmes.com\/wp-content\/uploads\/2024\/10\/Cronica-Bons-Malandros_poster-1033x1536.jpg 1033w, https:\/\/marfilmes.com\/wp-content\/uploads\/2024\/10\/Cronica-Bons-Malandros_poster-1377x2048.jpg 1377w, https:\/\/marfilmes.com\/wp-content\/uploads\/2024\/10\/Cronica-Bons-Malandros_poster-scaled.jpg 1722w\" sizes=\"(max-width: 689px) 100vw, 689px\" \/>\t\t\t\t\t\t\t\t\t\t\t\t\t\t\t<\/div>\n\t\t\t\t<\/div>\n\t\t\t\t\t<\/div>\n\t\t<\/div>\n\t\t\t\t<div class=\"elementor-column elementor-col-66 elementor-top-column elementor-element elementor-element-427f43b9\" data-id=\"427f43b9\" data-element_type=\"column\" data-e-type=\"column\">\n\t\t\t<div class=\"elementor-widget-wrap elementor-element-populated\">\n\t\t\t\t\t\t<div class=\"elementor-element elementor-element-13048638 elementor-widget elementor-widget-heading\" data-id=\"13048638\" data-element_type=\"widget\" data-e-type=\"widget\" data-widget_type=\"heading.default\">\n\t\t\t\t<div class=\"elementor-widget-container\">\n\t\t\t\t\t<h2 class=\"elementor-heading-title elementor-size-default\">GOOD CROOKS\u2019 CHRONICLE<\/h2>\t\t\t\t<\/div>\n\t\t\t\t<\/div>\n\t\t\t\t<div class=\"elementor-element elementor-element-51d3a567 elementor-widget elementor-widget-text-editor\" data-id=\"51d3a567\" data-element_type=\"widget\" data-e-type=\"widget\" data-widget_type=\"text-editor.default\">\n\t\t\t\t<div class=\"elementor-widget-container\">\n\t\t\t\t\t\t\t\t\t<p>In 1983, a mythic band of crooks known as <strong>The Good Crooks<\/strong> set up a spectacular robbery on the Calouste Gulbenkian Museum. The objective is to commit the robbery of the century: steal the famed Lalique jewels.<\/p><p>In 80s Lisbon, the walls are painted with political and advertising posters, the first ATMs begin popping up and the 3D glasses arouse the most cinephilic curiosity. This is the backdrop for these crooks\u2019 fantastic stories: Arnaldo, the Extra; Adelaide, the Slim; Fla\u0301vio, the Doctor; Silvino, the Steak; Pedro, the Vigilante; Renato, the Pacifist and Marlene, the Flyer.<\/p><p>\u00a0<\/p><p><strong>Specs<\/strong><br \/>PT \/ BR | 45\u2019 x 8 | Fiction | DCP | 2020<\/p><p>Ukbar Filmes | Moonshot Pictures<\/p>\t\t\t\t\t\t\t\t<\/div>\n\t\t\t\t<\/div>\n\t\t\t\t\t<\/div>\n\t\t<\/div>\n\t\t\t\t\t<\/div>\n\t\t<\/section>\n\t\t\t\t<\/div>","protected":false},"excerpt":{"rendered":"<p>&#8220;Cr\u00f3nica dos Bons Malandros&#8221; de Jorge Paix\u00e3o da Costa (2020) CR\u00d3NICA DOS BONS MALANDROS Em 1983, um mi\u0301tico bando de ladro\u0303es conhecido como Os Bons Malandros empreende um espectacular assalto ao Museu Calouste Gulbenkian. O objetivo e\u0301 fazer o roubo do se\u0301culo: deitar a ma\u0303o a\u0300s ce\u0301lebres jo\u0301ias Lalique. Na Lisboa dos anos 80, os [&hellip;]<\/p>","protected":false},"author":1,"featured_media":0,"parent":0,"menu_order":0,"comment_status":"closed","ping_status":"closed","template":"","meta":{"om_disable_all_campaigns":false,"_monsterinsights_skip_tracking":false,"_monsterinsights_sitenote_active":false,"_monsterinsights_sitenote_note":"","_monsterinsights_sitenote_category":0,"ocean_post_layout":"","ocean_both_sidebars_style":"","ocean_both_sidebars_content_width":0,"ocean_both_sidebars_sidebars_width":0,"ocean_sidebar":"","ocean_second_sidebar":"","ocean_disable_margins":"enable","ocean_add_body_class":"","ocean_shortcode_before_top_bar":"","ocean_shortcode_after_top_bar":"","ocean_shortcode_before_header":"","ocean_shortcode_after_header":"","ocean_has_shortcode":"","ocean_shortcode_after_title":"","ocean_shortcode_before_footer_widgets":"","ocean_shortcode_after_footer_widgets":"","ocean_shortcode_before_footer_bottom":"","ocean_shortcode_after_footer_bottom":"","ocean_display_top_bar":"default","ocean_display_header":"default","ocean_header_style":"","ocean_center_header_left_menu":"","ocean_custom_header_template":"","ocean_custom_logo":0,"ocean_custom_retina_logo":0,"ocean_custom_logo_max_width":0,"ocean_custom_logo_tablet_max_width":0,"ocean_custom_logo_mobile_max_width":0,"ocean_custom_logo_max_height":0,"ocean_custom_logo_tablet_max_height":0,"ocean_custom_logo_mobile_max_height":0,"ocean_header_custom_menu":"","ocean_menu_typo_font_family":"","ocean_menu_typo_font_subset":"","ocean_menu_typo_font_size":0,"ocean_menu_typo_font_size_tablet":0,"ocean_menu_typo_font_size_mobile":0,"ocean_menu_typo_font_size_unit":"px","ocean_menu_typo_font_weight":"","ocean_menu_typo_font_weight_tablet":"","ocean_menu_typo_font_weight_mobile":"","ocean_menu_typo_transform":"","ocean_menu_typo_transform_tablet":"","ocean_menu_typo_transform_mobile":"","ocean_menu_typo_line_height":0,"ocean_menu_typo_line_height_tablet":0,"ocean_menu_typo_line_height_mobile":0,"ocean_menu_typo_line_height_unit":"","ocean_menu_typo_spacing":0,"ocean_menu_typo_spacing_tablet":0,"ocean_menu_typo_spacing_mobile":0,"ocean_menu_typo_spacing_unit":"","ocean_menu_link_color":"","ocean_menu_link_color_hover":"","ocean_menu_link_color_active":"","ocean_menu_link_background":"","ocean_menu_link_hover_background":"","ocean_menu_link_active_background":"","ocean_menu_social_links_bg":"","ocean_menu_social_hover_links_bg":"","ocean_menu_social_links_color":"","ocean_menu_social_hover_links_color":"","ocean_disable_title":"default","ocean_disable_heading":"default","ocean_post_title":"","ocean_post_subheading":"","ocean_post_title_style":"","ocean_post_title_background_color":"","ocean_post_title_background":0,"ocean_post_title_bg_image_position":"","ocean_post_title_bg_image_attachment":"","ocean_post_title_bg_image_repeat":"","ocean_post_title_bg_image_size":"","ocean_post_title_height":0,"ocean_post_title_bg_overlay":0.5,"ocean_post_title_bg_overlay_color":"","ocean_disable_breadcrumbs":"default","ocean_breadcrumbs_color":"","ocean_breadcrumbs_separator_color":"","ocean_breadcrumbs_links_color":"","ocean_breadcrumbs_links_hover_color":"","ocean_display_footer_widgets":"default","ocean_display_footer_bottom":"default","ocean_custom_footer_template":"","footnotes":""},"class_list":["post-621","page","type-page","status-publish","hentry","entry"],"aioseo_notices":[],"_links":{"self":[{"href":"https:\/\/marfilmes.com\/en\/wp-json\/wp\/v2\/pages\/621","targetHints":{"allow":["GET"]}}],"collection":[{"href":"https:\/\/marfilmes.com\/en\/wp-json\/wp\/v2\/pages"}],"about":[{"href":"https:\/\/marfilmes.com\/en\/wp-json\/wp\/v2\/types\/page"}],"author":[{"embeddable":true,"href":"https:\/\/marfilmes.com\/en\/wp-json\/wp\/v2\/users\/1"}],"replies":[{"embeddable":true,"href":"https:\/\/marfilmes.com\/en\/wp-json\/wp\/v2\/comments?post=621"}],"version-history":[{"count":22,"href":"https:\/\/marfilmes.com\/en\/wp-json\/wp\/v2\/pages\/621\/revisions"}],"predecessor-version":[{"id":1406,"href":"https:\/\/marfilmes.com\/en\/wp-json\/wp\/v2\/pages\/621\/revisions\/1406"}],"wp:attachment":[{"href":"https:\/\/marfilmes.com\/en\/wp-json\/wp\/v2\/media?parent=621"}],"curies":[{"name":"wp","href":"https:\/\/api.w.org\/{rel}","templated":true}]}}