{"id":33,"date":"2024-10-21T21:43:17","date_gmt":"2024-10-21T21:43:17","guid":{"rendered":"https:\/\/marfilmes.com\/?page_id=33"},"modified":"2026-01-20T11:12:09","modified_gmt":"2026-01-20T11:12:09","slug":"home","status":"publish","type":"page","link":"https:\/\/marfilmes.com\/en\/","title":{"rendered":"MarFilmes"},"content":{"rendered":"<div data-elementor-type=\"wp-page\" data-elementor-id=\"33\" class=\"elementor elementor-33\">\n\t\t\t\t\t\t<section class=\"elementor-section elementor-top-section elementor-element elementor-element-c6dd4b7 elementor-section-full_width elementor-section-height-default elementor-section-height-default\" data-id=\"c6dd4b7\" data-element_type=\"section\" data-e-type=\"section\">\n\t\t\t\t\t\t<div class=\"elementor-container elementor-column-gap-default\">\n\t\t\t\t\t<div class=\"elementor-column elementor-col-100 elementor-top-column elementor-element elementor-element-087cefb\" data-id=\"087cefb\" data-element_type=\"column\" data-e-type=\"column\">\n\t\t\t<div class=\"elementor-widget-wrap elementor-element-populated\">\n\t\t\t\t\t\t<div class=\"elementor-element elementor-element-ff0c07f elementor-arrows-position-inside elementor-widget elementor-widget-image-carousel\" data-id=\"ff0c07f\" data-element_type=\"widget\" data-e-type=\"widget\" data-settings=\"{&quot;slides_to_show&quot;:&quot;1&quot;,&quot;navigation&quot;:&quot;arrows&quot;,&quot;autoplay&quot;:&quot;yes&quot;,&quot;pause_on_hover&quot;:&quot;yes&quot;,&quot;pause_on_interaction&quot;:&quot;yes&quot;,&quot;autoplay_speed&quot;:5000,&quot;infinite&quot;:&quot;yes&quot;,&quot;effect&quot;:&quot;slide&quot;,&quot;speed&quot;:500}\" data-widget_type=\"image-carousel.default\">\n\t\t\t\t<div class=\"elementor-widget-container\">\n\t\t\t\t\t\t\t<div class=\"elementor-image-carousel-wrapper swiper\" role=\"region\" aria-roledescription=\"carousel\" aria-label=\"Image Carousel\" dir=\"ltr\">\n\t\t\t<div class=\"elementor-image-carousel swiper-wrapper swiper-image-stretch\" aria-live=\"off\">\n\t\t\t\t\t\t\t\t<div class=\"swiper-slide\" role=\"group\" aria-roledescription=\"slide\" aria-label=\"1 of 4\"><figure class=\"swiper-slide-inner\"><img decoding=\"async\" class=\"swiper-slide-image\" src=\"https:\/\/marfilmes.com\/wp-content\/uploads\/2024\/10\/AS-VIZINHAS_1.62.1-1536x864.jpg\" alt=\"&quot;As Vizinhas&quot; de Sofia Teixeira Gomes (2022)\" \/><figcaption class=\"elementor-image-carousel-caption\">\"Neighbours\" by Sofia Teixeira Gomes (2022)<\/figcaption><\/figure><\/div><div class=\"swiper-slide\" role=\"group\" aria-roledescription=\"slide\" aria-label=\"2 of 4\"><figure class=\"swiper-slide-inner\"><img decoding=\"async\" class=\"swiper-slide-image\" src=\"https:\/\/marfilmes.com\/wp-content\/uploads\/2024\/10\/default_1.413.1-1536x864.jpg\" alt=\"&quot;A Trai\u00e7\u00e3o do Padre Martinho&quot; de Ana Cunha (2022)\" \/><figcaption class=\"elementor-image-carousel-caption\">\"The Betrayal of Father Martinho\" by Ana Cunha (2022)<\/figcaption><\/figure><\/div><div class=\"swiper-slide\" role=\"group\" aria-roledescription=\"slide\" aria-label=\"3 of 4\"><figure class=\"swiper-slide-inner\"><img decoding=\"async\" class=\"swiper-slide-image\" src=\"https:\/\/marfilmes.com\/wp-content\/uploads\/2024\/12\/Foto-Capa_long-1536x864.jpg\" alt=\"&quot;Cr\u00f3nica dos Bons Malandros&quot; de Jorge Paix\u00e3o da Costa (2020)\" \/><figcaption class=\"elementor-image-carousel-caption\">\"Good Crooks\u2019 Chronicles\" by Jorge Paix\u00e3o da Costa (2020)<\/figcaption><\/figure><\/div><div class=\"swiper-slide\" role=\"group\" aria-roledescription=\"slide\" aria-label=\"4 of 4\"><figure class=\"swiper-slide-inner\"><img decoding=\"async\" class=\"swiper-slide-image\" src=\"https:\/\/marfilmes.com\/wp-content\/uploads\/2024\/10\/default_1.24.1-1536x864.jpg\" alt=\"&quot;A Hora dos Lobos&quot; de Maria Jo\u00e3o Lu\u00eds (2023)\" \/><figcaption class=\"elementor-image-carousel-caption\">\"The Time of Wolves\" by Maria Jo\u00e3o Lu\u00eds (2023)<\/figcaption><\/figure><\/div>\t\t\t<\/div>\n\t\t\t\t\t\t\t\t\t\t\t\t<div class=\"elementor-swiper-button elementor-swiper-button-prev\" role=\"button\" tabindex=\"0\">\n\t\t\t\t\t\t<i aria-hidden=\"true\" class=\"eicon-chevron-left\"><\/i>\t\t\t\t\t<\/div>\n\t\t\t\t\t<div class=\"elementor-swiper-button elementor-swiper-button-next\" role=\"button\" tabindex=\"0\">\n\t\t\t\t\t\t<i aria-hidden=\"true\" class=\"eicon-chevron-right\"><\/i>\t\t\t\t\t<\/div>\n\t\t\t\t\n\t\t\t\t\t\t\t\t\t<\/div>\n\t\t\t\t\t\t<\/div>\n\t\t\t\t<\/div>\n\t\t\t\t\t<\/div>\n\t\t<\/div>\n\t\t\t\t\t<\/div>\n\t\t<\/section>\n\t\t\t\t<section class=\"elementor-section elementor-top-section elementor-element elementor-element-236bf733 elementor-section-full_width elementor-section-height-default elementor-section-height-default\" data-id=\"236bf733\" data-element_type=\"section\" data-e-type=\"section\" data-settings=\"{&quot;background_background&quot;:&quot;classic&quot;}\">\n\t\t\t\t\t\t<div class=\"elementor-container elementor-column-gap-default\">\n\t\t\t\t\t<div class=\"elementor-column elementor-col-100 elementor-top-column elementor-element elementor-element-4c2a58ea\" data-id=\"4c2a58ea\" data-element_type=\"column\" data-e-type=\"column\" data-settings=\"{&quot;background_background&quot;:&quot;classic&quot;}\">\n\t\t\t<div class=\"elementor-widget-wrap elementor-element-populated\">\n\t\t\t\t\t\t<section class=\"elementor-section elementor-inner-section elementor-element elementor-element-55a07c6 elementor-section-boxed elementor-section-height-default elementor-section-height-default\" data-id=\"55a07c6\" data-element_type=\"section\" data-e-type=\"section\">\n\t\t\t\t\t\t<div class=\"elementor-container elementor-column-gap-default\">\n\t\t\t\t\t<div class=\"elementor-column elementor-col-100 elementor-inner-column elementor-element elementor-element-66c6e484\" data-id=\"66c6e484\" data-element_type=\"column\" data-e-type=\"column\">\n\t\t\t<div class=\"elementor-widget-wrap elementor-element-populated\">\n\t\t\t\t\t\t<div class=\"elementor-element elementor-element-986e0b9 elementor-widget elementor-widget-image\" data-id=\"986e0b9\" data-element_type=\"widget\" data-e-type=\"widget\" data-widget_type=\"image.default\">\n\t\t\t\t<div class=\"elementor-widget-container\">\n\t\t\t\t\t\t\t\t\t\t\t\t\t\t\t<img fetchpriority=\"high\" decoding=\"async\" width=\"304\" height=\"183\" src=\"https:\/\/marfilmes.com\/wp-content\/uploads\/2024\/10\/marfilmes_logo_blue.png\" class=\"attachment-medium_large size-medium_large wp-image-469\" alt=\"\" srcset=\"https:\/\/marfilmes.com\/wp-content\/uploads\/2024\/10\/marfilmes_logo_blue.png 304w, https:\/\/marfilmes.com\/wp-content\/uploads\/2024\/10\/marfilmes_logo_blue-300x181.png 300w\" sizes=\"(max-width: 304px) 100vw, 304px\" \/>\t\t\t\t\t\t\t\t\t\t\t\t\t\t\t<\/div>\n\t\t\t\t<\/div>\n\t\t\t\t<div class=\"elementor-element elementor-element-2c56bd2f elementor-widget__width-initial elementor-widget elementor-widget-text-editor\" data-id=\"2c56bd2f\" data-element_type=\"widget\" data-e-type=\"widget\" data-widget_type=\"text-editor.default\">\n\t\t\t\t<div class=\"elementor-widget-container\">\n\t\t\t\t\t\t\t\t\t<p class=\"translation-block\"><strong>Marfilmes<\/strong> is a Lisbon-based international sales agent and distributor with a mission deeply rooted in the internationalisation of Portuguese cinema \u2014 whether produced in or co-produced with Portugal.<\/p><p>The history of Marfilmes includes the distribution of over 100 films, and the company continues to acquire titles for sales and internationalisation, aiming to position itself unequivocally among sales agents with a uniquely diverse catalogue. Marfilmes\u2019 latest acquisitions feature some of the most acclaimed recent Portuguese cinema, ranging from emerging filmmakers to established names in the cinematic and audiovisual landscapes, alongside key European award-winning titles.\u00a0<\/p><p>Each year, Marfilmes is represented at the world\u2019s most prominent international film festivals, including Cannes, Venice, San Sebastian, Rotterdam, and Berlin, as well as at audiovisual markets such as Series Mania, Iberseries, Rio Content, Film Festival MIPCOM, MIPTV, Sunny Side of the Doc, IDFA, and MERCADOC. Its close collaboration with major streaming platforms has ensured the distribution of its films on Movistar Plus, Amazon Prime Video, HBO, and Filmin. <a href=\"https:\/\/marfilmes.com\/en\/about\/\">Read more<\/a>\u00a0<\/p>\t\t\t\t\t\t\t\t<\/div>\n\t\t\t\t<\/div>\n\t\t\t\t\t<\/div>\n\t\t<\/div>\n\t\t\t\t\t<\/div>\n\t\t<\/section>\n\t\t\t\t\t<\/div>\n\t\t<\/div>\n\t\t\t\t\t<\/div>\n\t\t<\/section>\n\t\t\t\t<section class=\"elementor-section elementor-top-section elementor-element elementor-element-71f5eeb8 elementor-section-full_width elementor-section-height-default elementor-section-height-default\" data-id=\"71f5eeb8\" data-element_type=\"section\" data-e-type=\"section\">\n\t\t\t\t\t\t<div class=\"elementor-container elementor-column-gap-default\">\n\t\t\t\t\t<div class=\"elementor-column elementor-col-100 elementor-top-column elementor-element elementor-element-76a58eea\" data-id=\"76a58eea\" data-element_type=\"column\" data-e-type=\"column\" data-settings=\"{&quot;background_background&quot;:&quot;classic&quot;}\">\n\t\t\t<div class=\"elementor-widget-wrap elementor-element-populated\">\n\t\t\t\t\t\t<div class=\"elementor-element elementor-element-da9f1e elementor-widget elementor-widget-image\" data-id=\"da9f1e\" data-element_type=\"widget\" data-e-type=\"widget\" data-widget_type=\"image.default\">\n\t\t\t\t<div class=\"elementor-widget-container\">\n\t\t\t\t\t\t\t\t\t\t\t\t<figure class=\"wp-caption\">\n\t\t\t\t\t\t\t\t\t\t<img decoding=\"async\" width=\"1536\" height=\"636\" src=\"https:\/\/marfilmes.com\/wp-content\/uploads\/2024\/10\/JA_25_XX_PR422LT_20.00_21_30_15.Still005-copy-1536x636.jpg\" class=\"attachment-1536x1536 size-1536x1536 wp-image-325\" alt=\"\" srcset=\"https:\/\/marfilmes.com\/wp-content\/uploads\/2024\/10\/JA_25_XX_PR422LT_20.00_21_30_15.Still005-copy-1536x636.jpg 1536w, https:\/\/marfilmes.com\/wp-content\/uploads\/2024\/10\/JA_25_XX_PR422LT_20.00_21_30_15.Still005-copy-300x124.jpg 300w, https:\/\/marfilmes.com\/wp-content\/uploads\/2024\/10\/JA_25_XX_PR422LT_20.00_21_30_15.Still005-copy-1024x424.jpg 1024w, https:\/\/marfilmes.com\/wp-content\/uploads\/2024\/10\/JA_25_XX_PR422LT_20.00_21_30_15.Still005-copy-768x318.jpg 768w, https:\/\/marfilmes.com\/wp-content\/uploads\/2024\/10\/JA_25_XX_PR422LT_20.00_21_30_15.Still005-copy.jpg 1920w\" sizes=\"(max-width: 1536px) 100vw, 1536px\" \/>\t\t\t\t\t\t\t\t\t\t\t<figcaption class=\"widget-image-caption wp-caption-text\">\"Artificial Justice\" by Sim\u00f3n Casal (2024)<\/figcaption>\n\t\t\t\t\t\t\t\t\t\t<\/figure>\n\t\t\t\t\t\t\t\t\t<\/div>\n\t\t\t\t<\/div>\n\t\t\t\t\t<\/div>\n\t\t<\/div>\n\t\t\t\t\t<\/div>\n\t\t<\/section>\n\t\t\t\t<section class=\"elementor-section elementor-top-section elementor-element elementor-element-8da5668 elementor-section-boxed elementor-section-height-default elementor-section-height-default\" data-id=\"8da5668\" data-element_type=\"section\" data-e-type=\"section\" data-settings=\"{&quot;background_background&quot;:&quot;classic&quot;}\">\n\t\t\t\t\t\t<div class=\"elementor-container elementor-column-gap-default\">\n\t\t\t\t\t<div class=\"elementor-column elementor-col-100 elementor-top-column elementor-element elementor-element-79d2bd92\" data-id=\"79d2bd92\" data-element_type=\"column\" data-e-type=\"column\">\n\t\t\t<div class=\"elementor-widget-wrap elementor-element-populated\">\n\t\t\t\t\t\t<div class=\"elementor-element elementor-element-9954feb elementor-widget elementor-widget-image\" data-id=\"9954feb\" data-element_type=\"widget\" data-e-type=\"widget\" data-widget_type=\"image.default\">\n\t\t\t\t<div class=\"elementor-widget-container\">\n\t\t\t\t\t\t\t\t\t\t\t\t<figure class=\"wp-caption\">\n\t\t\t\t\t\t\t\t\t\t<img decoding=\"async\" width=\"1536\" height=\"540\" src=\"https:\/\/marfilmes.com\/wp-content\/uploads\/2024\/10\/DD01_1.1.29-e1729592942401-1536x540.jpg\" class=\"attachment-1536x1536 size-1536x1536 wp-image-356\" alt=\"\" srcset=\"https:\/\/marfilmes.com\/wp-content\/uploads\/2024\/10\/DD01_1.1.29-e1729592942401-1536x540.jpg 1536w, https:\/\/marfilmes.com\/wp-content\/uploads\/2024\/10\/DD01_1.1.29-e1729592942401-300x105.jpg 300w, https:\/\/marfilmes.com\/wp-content\/uploads\/2024\/10\/DD01_1.1.29-e1729592942401-1024x360.jpg 1024w, https:\/\/marfilmes.com\/wp-content\/uploads\/2024\/10\/DD01_1.1.29-e1729592942401-768x270.jpg 768w, https:\/\/marfilmes.com\/wp-content\/uploads\/2024\/10\/DD01_1.1.29-e1729592942401.jpg 1920w\" sizes=\"(max-width: 1536px) 100vw, 1536px\" \/>\t\t\t\t\t\t\t\t\t\t\t<figcaption class=\"widget-image-caption wp-caption-text\">\"Daniel &amp; Daniela\" by Sofia Pinto Coelho (2022)<\/figcaption>\n\t\t\t\t\t\t\t\t\t\t<\/figure>\n\t\t\t\t\t\t\t\t\t<\/div>\n\t\t\t\t<\/div>\n\t\t\t\t<div class=\"elementor-element elementor-element-12b075a3 elementor-widget elementor-widget-text-editor\" data-id=\"12b075a3\" data-element_type=\"widget\" data-e-type=\"widget\" data-widget_type=\"text-editor.default\">\n\t\t\t\t<div class=\"elementor-widget-container\">\n\t\t\t\t\t\t\t\t\t<p><strong>CONTACT<\/strong><\/p><p><strong>Address<\/strong><br \/>Avenida Marqu\u00eas de Tomar, n\u00ba18, 7\u00ba Esquerdo<br \/>1050-155 Lisboa Portugal<\/p><p>Tel.: 351 961 087 399<br \/>Email: <a href=\"mailto:geral@marfilmes.com\">geral@marfilmes.com<\/a><\/p>\t\t\t\t\t\t\t\t<\/div>\n\t\t\t\t<\/div>\n\t\t\t\t\t<\/div>\n\t\t<\/div>\n\t\t\t\t\t<\/div>\n\t\t<\/section>\n\t\t\t\t<\/div>","protected":false},"excerpt":{"rendered":"<p>&#8220;As Vizinhas&#8221; de Sofia Teixeira Gomes (2022) &#8220;A Trai\u00e7\u00e3o do Padre Martinho&#8221; de Ana Cunha (2022) &#8220;Cr\u00f3nica dos Bons Malandros&#8221; de Jorge Paix\u00e3o da Costa (2020) &#8220;A Hora dos Lobos&#8221; de Maria Jo\u00e3o Lu\u00eds (2023) A Marfilmes \u00e9 um agente de vendas e distribuidora internacional, sedeada em Lisboa, que tem no seu ADN a internacionaliza\u00e7\u00e3o [&hellip;]<\/p>","protected":false},"author":1,"featured_media":270,"parent":0,"menu_order":0,"comment_status":"closed","ping_status":"closed","template":"","meta":{"om_disable_all_campaigns":false,"_monsterinsights_skip_tracking":false,"_monsterinsights_sitenote_active":false,"_monsterinsights_sitenote_note":"","_monsterinsights_sitenote_category":0,"ocean_post_layout":"","ocean_both_sidebars_style":"","ocean_both_sidebars_content_width":0,"ocean_both_sidebars_sidebars_width":0,"ocean_sidebar":"","ocean_second_sidebar":"","ocean_disable_margins":"enable","ocean_add_body_class":"","ocean_shortcode_before_top_bar":"","ocean_shortcode_after_top_bar":"","ocean_shortcode_before_header":"","ocean_shortcode_after_header":"","ocean_has_shortcode":"","ocean_shortcode_after_title":"","ocean_shortcode_before_footer_widgets":"","ocean_shortcode_after_footer_widgets":"","ocean_shortcode_before_footer_bottom":"","ocean_shortcode_after_footer_bottom":"","ocean_display_top_bar":"default","ocean_display_header":"default","ocean_header_style":"","ocean_center_header_left_menu":"","ocean_custom_header_template":"","ocean_custom_logo":0,"ocean_custom_retina_logo":0,"ocean_custom_logo_max_width":0,"ocean_custom_logo_tablet_max_width":0,"ocean_custom_logo_mobile_max_width":0,"ocean_custom_logo_max_height":0,"ocean_custom_logo_tablet_max_height":0,"ocean_custom_logo_mobile_max_height":0,"ocean_header_custom_menu":"","ocean_menu_typo_font_family":"","ocean_menu_typo_font_subset":"","ocean_menu_typo_font_size":0,"ocean_menu_typo_font_size_tablet":0,"ocean_menu_typo_font_size_mobile":0,"ocean_menu_typo_font_size_unit":"px","ocean_menu_typo_font_weight":"","ocean_menu_typo_font_weight_tablet":"","ocean_menu_typo_font_weight_mobile":"","ocean_menu_typo_transform":"","ocean_menu_typo_transform_tablet":"","ocean_menu_typo_transform_mobile":"","ocean_menu_typo_line_height":0,"ocean_menu_typo_line_height_tablet":0,"ocean_menu_typo_line_height_mobile":0,"ocean_menu_typo_line_height_unit":"","ocean_menu_typo_spacing":0,"ocean_menu_typo_spacing_tablet":0,"ocean_menu_typo_spacing_mobile":0,"ocean_menu_typo_spacing_unit":"","ocean_menu_link_color":"","ocean_menu_link_color_hover":"","ocean_menu_link_color_active":"","ocean_menu_link_background":"","ocean_menu_link_hover_background":"","ocean_menu_link_active_background":"","ocean_menu_social_links_bg":"","ocean_menu_social_hover_links_bg":"","ocean_menu_social_links_color":"","ocean_menu_social_hover_links_color":"","ocean_disable_title":"default","ocean_disable_heading":"default","ocean_post_title":"","ocean_post_subheading":"","ocean_post_title_style":"","ocean_post_title_background_color":"","ocean_post_title_background":0,"ocean_post_title_bg_image_position":"","ocean_post_title_bg_image_attachment":"","ocean_post_title_bg_image_repeat":"","ocean_post_title_bg_image_size":"","ocean_post_title_height":0,"ocean_post_title_bg_overlay":0.5,"ocean_post_title_bg_overlay_color":"","ocean_disable_breadcrumbs":"default","ocean_breadcrumbs_color":"","ocean_breadcrumbs_separator_color":"","ocean_breadcrumbs_links_color":"","ocean_breadcrumbs_links_hover_color":"","ocean_display_footer_widgets":"default","ocean_display_footer_bottom":"default","ocean_custom_footer_template":"","footnotes":""},"class_list":["post-33","page","type-page","status-publish","has-post-thumbnail","hentry","entry","has-media"],"aioseo_notices":[],"_links":{"self":[{"href":"https:\/\/marfilmes.com\/en\/wp-json\/wp\/v2\/pages\/33","targetHints":{"allow":["GET"]}}],"collection":[{"href":"https:\/\/marfilmes.com\/en\/wp-json\/wp\/v2\/pages"}],"about":[{"href":"https:\/\/marfilmes.com\/en\/wp-json\/wp\/v2\/types\/page"}],"author":[{"embeddable":true,"href":"https:\/\/marfilmes.com\/en\/wp-json\/wp\/v2\/users\/1"}],"replies":[{"embeddable":true,"href":"https:\/\/marfilmes.com\/en\/wp-json\/wp\/v2\/comments?post=33"}],"version-history":[{"count":249,"href":"https:\/\/marfilmes.com\/en\/wp-json\/wp\/v2\/pages\/33\/revisions"}],"predecessor-version":[{"id":1566,"href":"https:\/\/marfilmes.com\/en\/wp-json\/wp\/v2\/pages\/33\/revisions\/1566"}],"wp:featuredmedia":[{"embeddable":true,"href":"https:\/\/marfilmes.com\/en\/wp-json\/wp\/v2\/media\/270"}],"wp:attachment":[{"href":"https:\/\/marfilmes.com\/en\/wp-json\/wp\/v2\/media?parent=33"}],"curies":[{"name":"wp","href":"https:\/\/api.w.org\/{rel}","templated":true}]}}