{"id":1077,"date":"2024-11-16T12:39:51","date_gmt":"2024-11-16T12:39:51","guid":{"rendered":"https:\/\/marfilmes.com\/?page_id=1077"},"modified":"2024-12-26T11:50:03","modified_gmt":"2024-12-26T11:50:03","slug":"ha-de-haver-uma-lei","status":"publish","type":"page","link":"https:\/\/marfilmes.com\/en\/ha-de-haver-uma-lei\/","title":{"rendered":"H\u00e1-de Haver uma Lei"},"content":{"rendered":"<div data-elementor-type=\"wp-page\" data-elementor-id=\"1077\" class=\"elementor elementor-1077\">\n\t\t\t\t\t\t<section class=\"elementor-section elementor-top-section elementor-element elementor-element-3f55d93c elementor-section-boxed elementor-section-height-default elementor-section-height-default\" data-id=\"3f55d93c\" data-element_type=\"section\" data-e-type=\"section\" data-settings=\"{&quot;background_background&quot;:&quot;classic&quot;}\">\n\t\t\t\t\t\t<div class=\"elementor-container elementor-column-gap-default\">\n\t\t\t\t\t<div class=\"elementor-column elementor-col-100 elementor-top-column elementor-element elementor-element-24a97a4b\" data-id=\"24a97a4b\" data-element_type=\"column\" data-e-type=\"column\">\n\t\t\t<div class=\"elementor-widget-wrap elementor-element-populated\">\n\t\t\t\t\t\t<div class=\"elementor-element elementor-element-73cb247c elementor-widget elementor-widget-spacer\" data-id=\"73cb247c\" data-element_type=\"widget\" data-e-type=\"widget\" data-widget_type=\"spacer.default\">\n\t\t\t\t<div class=\"elementor-widget-container\">\n\t\t\t\t\t\t\t<div class=\"elementor-spacer\">\n\t\t\t<div class=\"elementor-spacer-inner\"><\/div>\n\t\t<\/div>\n\t\t\t\t\t\t<\/div>\n\t\t\t\t<\/div>\n\t\t\t\t\t<\/div>\n\t\t<\/div>\n\t\t\t\t\t<\/div>\n\t\t<\/section>\n\t\t\t\t<section class=\"elementor-section elementor-top-section elementor-element elementor-element-1b0c6db5 elementor-section-full_width elementor-section-height-default elementor-section-height-default\" data-id=\"1b0c6db5\" data-element_type=\"section\" data-e-type=\"section\" data-settings=\"{&quot;background_background&quot;:&quot;classic&quot;}\">\n\t\t\t\t\t\t<div class=\"elementor-container elementor-column-gap-default\">\n\t\t\t\t\t<div class=\"elementor-column elementor-col-100 elementor-top-column elementor-element elementor-element-79e5b30c\" data-id=\"79e5b30c\" data-element_type=\"column\" data-e-type=\"column\" data-settings=\"{&quot;background_background&quot;:&quot;classic&quot;}\">\n\t\t\t<div class=\"elementor-widget-wrap elementor-element-populated\">\n\t\t\t\t\t\t<div class=\"elementor-element elementor-element-387026af elementor-widget elementor-widget-image\" data-id=\"387026af\" data-element_type=\"widget\" data-e-type=\"widget\" data-widget_type=\"image.default\">\n\t\t\t\t<div class=\"elementor-widget-container\">\n\t\t\t\t\t\t\t\t\t\t\t\t<figure class=\"wp-caption\">\n\t\t\t\t\t\t\t\t\t\t<img fetchpriority=\"high\" decoding=\"async\" width=\"1536\" height=\"598\" src=\"https:\/\/marfilmes.com\/wp-content\/uploads\/2024\/11\/default_1.15.2_-1536x598.jpg\" class=\"attachment-1536x1536 size-1536x1536 wp-image-1081\" alt=\"\" srcset=\"https:\/\/marfilmes.com\/wp-content\/uploads\/2024\/11\/default_1.15.2_-1536x598.jpg 1536w, https:\/\/marfilmes.com\/wp-content\/uploads\/2024\/11\/default_1.15.2_-300x117.jpg 300w, https:\/\/marfilmes.com\/wp-content\/uploads\/2024\/11\/default_1.15.2_-1024x398.jpg 1024w, https:\/\/marfilmes.com\/wp-content\/uploads\/2024\/11\/default_1.15.2_-768x299.jpg 768w, https:\/\/marfilmes.com\/wp-content\/uploads\/2024\/11\/default_1.15.2_.jpg 1920w\" sizes=\"(max-width: 1536px) 100vw, 1536px\" \/>\t\t\t\t\t\t\t\t\t\t\t<figcaption class=\"widget-image-caption wp-caption-text\">\"There Must Be a Law\" by Anabela Moreira (2023)<\/figcaption>\n\t\t\t\t\t\t\t\t\t\t<\/figure>\n\t\t\t\t\t\t\t\t\t<\/div>\n\t\t\t\t<\/div>\n\t\t\t\t\t<\/div>\n\t\t<\/div>\n\t\t\t\t\t<\/div>\n\t\t<\/section>\n\t\t\t\t<section class=\"elementor-section elementor-top-section elementor-element elementor-element-66dc6312 elementor-section-boxed elementor-section-height-default elementor-section-height-default\" data-id=\"66dc6312\" data-element_type=\"section\" data-e-type=\"section\" data-settings=\"{&quot;background_background&quot;:&quot;classic&quot;}\">\n\t\t\t\t\t\t<div class=\"elementor-container elementor-column-gap-default\">\n\t\t\t\t\t<div class=\"elementor-column elementor-col-100 elementor-top-column elementor-element elementor-element-60752dc4\" data-id=\"60752dc4\" data-element_type=\"column\" data-e-type=\"column\">\n\t\t\t<div class=\"elementor-widget-wrap elementor-element-populated\">\n\t\t\t\t\t\t<div class=\"elementor-element elementor-element-62e38352 elementor-widget elementor-widget-spacer\" data-id=\"62e38352\" data-element_type=\"widget\" data-e-type=\"widget\" data-widget_type=\"spacer.default\">\n\t\t\t\t<div class=\"elementor-widget-container\">\n\t\t\t\t\t\t\t<div class=\"elementor-spacer\">\n\t\t\t<div class=\"elementor-spacer-inner\"><\/div>\n\t\t<\/div>\n\t\t\t\t\t\t<\/div>\n\t\t\t\t<\/div>\n\t\t\t\t\t<\/div>\n\t\t<\/div>\n\t\t\t\t\t<\/div>\n\t\t<\/section>\n\t\t\t\t<section class=\"elementor-section elementor-top-section elementor-element elementor-element-3d9d1734 elementor-section-boxed elementor-section-height-default elementor-section-height-default\" data-id=\"3d9d1734\" data-element_type=\"section\" data-e-type=\"section\" data-settings=\"{&quot;background_background&quot;:&quot;classic&quot;}\">\n\t\t\t\t\t\t<div class=\"elementor-container elementor-column-gap-default\">\n\t\t\t\t\t<div class=\"elementor-column elementor-col-33 elementor-top-column elementor-element elementor-element-44363fec\" data-id=\"44363fec\" data-element_type=\"column\" data-e-type=\"column\">\n\t\t\t<div class=\"elementor-widget-wrap elementor-element-populated\">\n\t\t\t\t\t\t<div class=\"elementor-element elementor-element-4a585eff elementor-widget elementor-widget-image\" data-id=\"4a585eff\" data-element_type=\"widget\" data-e-type=\"widget\" data-widget_type=\"image.default\">\n\t\t\t\t<div class=\"elementor-widget-container\">\n\t\t\t\t\t\t\t\t\t\t\t\t\t\t\t<img decoding=\"async\" width=\"724\" height=\"1024\" src=\"https:\/\/marfilmes.com\/wp-content\/uploads\/2024\/11\/4-Cartaz-hadehaverumalei-a3-copy-724x1024.jpg\" class=\"attachment-large size-large wp-image-1080\" alt=\"\" srcset=\"https:\/\/marfilmes.com\/wp-content\/uploads\/2024\/11\/4-Cartaz-hadehaverumalei-a3-copy-724x1024.jpg 724w, https:\/\/marfilmes.com\/wp-content\/uploads\/2024\/11\/4-Cartaz-hadehaverumalei-a3-copy-212x300.jpg 212w, https:\/\/marfilmes.com\/wp-content\/uploads\/2024\/11\/4-Cartaz-hadehaverumalei-a3-copy-768x1086.jpg 768w, https:\/\/marfilmes.com\/wp-content\/uploads\/2024\/11\/4-Cartaz-hadehaverumalei-a3-copy-1086x1536.jpg 1086w, https:\/\/marfilmes.com\/wp-content\/uploads\/2024\/11\/4-Cartaz-hadehaverumalei-a3-copy.jpg 1400w\" sizes=\"(max-width: 724px) 100vw, 724px\" \/>\t\t\t\t\t\t\t\t\t\t\t\t\t\t\t<\/div>\n\t\t\t\t<\/div>\n\t\t\t\t\t<\/div>\n\t\t<\/div>\n\t\t\t\t<div class=\"elementor-column elementor-col-66 elementor-top-column elementor-element elementor-element-2399484d\" data-id=\"2399484d\" data-element_type=\"column\" data-e-type=\"column\">\n\t\t\t<div class=\"elementor-widget-wrap elementor-element-populated\">\n\t\t\t\t\t\t<div class=\"elementor-element elementor-element-74d6531e elementor-widget elementor-widget-heading\" data-id=\"74d6531e\" data-element_type=\"widget\" data-e-type=\"widget\" data-widget_type=\"heading.default\">\n\t\t\t\t<div class=\"elementor-widget-container\">\n\t\t\t\t\t<h2 class=\"elementor-heading-title elementor-size-default\">THERE MUST BE A LAW<\/h2>\t\t\t\t<\/div>\n\t\t\t\t<\/div>\n\t\t\t\t<div class=\"elementor-element elementor-element-35980ca6 elementor-widget elementor-widget-text-editor\" data-id=\"35980ca6\" data-element_type=\"widget\" data-e-type=\"widget\" data-widget_type=\"text-editor.default\">\n\t\t\t\t<div class=\"elementor-widget-container\">\n\t\t\t\t\t\t\t\t\t<p>Luizinha is adopted by Ant\u00f3nio and Erc\u00edlia, a wealthy couple unable to have children. When Erc\u00edlia dies, Ant\u00f3nio marries Berta, a contentious stepmother who eventually ends up murdered. Among mothers, stepmothers, maids, and stepdaughters, no family has just one truth. And when the first corpse falls and everyone ends up in court, things get even more complicated.<\/p><p><strong>Directed by<br \/><\/strong>Anabela Moreira<\/p><p><strong>Written by<br \/><\/strong>Manuel do \u00d3 Pereira<\/p><p><strong>RTP1 Premiere<\/strong><br \/>24 May 2023<\/p>\t\t\t\t\t\t\t\t<\/div>\n\t\t\t\t<\/div>\n\t\t\t\t<div class=\"elementor-element elementor-element-f92c1bb elementor-widget elementor-widget-button\" data-id=\"f92c1bb\" data-element_type=\"widget\" data-e-type=\"widget\" data-widget_type=\"button.default\">\n\t\t\t\t<div class=\"elementor-widget-container\">\n\t\t\t\t\t\t\t\t\t<div class=\"elementor-button-wrapper\">\n\t\t\t\t\t<a class=\"elementor-button elementor-button-link elementor-size-sm\" href=\"https:\/\/marfilmes.com\/en\/contado-por-mulheres\/\">\n\t\t\t\t\t\t<span class=\"elementor-button-content-wrapper\">\n\t\t\t\t\t\t\t\t\t<span class=\"elementor-button-text\">TOLD BY WOMEN<\/span>\n\t\t\t\t\t<\/span>\n\t\t\t\t\t<\/a>\n\t\t\t\t<\/div>\n\t\t\t\t\t\t\t\t<\/div>\n\t\t\t\t<\/div>\n\t\t\t\t\t<\/div>\n\t\t<\/div>\n\t\t\t\t\t<\/div>\n\t\t<\/section>\n\t\t\t\t<\/div>","protected":false},"excerpt":{"rendered":"<p>&#8220;H\u00e1-de Haver uma Lei&#8221; de Anabela Moreira (2023) H\u00c1-DE HAVER UMA LEI Luizinha \u00e9 adotada por Ant\u00f3nio e Erc\u00edlia, um casal de posses que n\u00e3o pode ter filhos. Quando Erc\u00edlia morre, Ant\u00f3nio casa com Berta, uma madrasta conflituosa, que acaba assassinada. Entre m\u00e3es, madrastas, empregadas ou enteadas, numa fam\u00edlia n\u00e3o existe uma s\u00f3 verdade. E [&hellip;]<\/p>","protected":false},"author":1,"featured_media":0,"parent":0,"menu_order":0,"comment_status":"closed","ping_status":"closed","template":"","meta":{"om_disable_all_campaigns":false,"_monsterinsights_skip_tracking":false,"_monsterinsights_sitenote_active":false,"_monsterinsights_sitenote_note":"","_monsterinsights_sitenote_category":0,"ocean_post_layout":"","ocean_both_sidebars_style":"","ocean_both_sidebars_content_width":0,"ocean_both_sidebars_sidebars_width":0,"ocean_sidebar":"","ocean_second_sidebar":"","ocean_disable_margins":"enable","ocean_add_body_class":"","ocean_shortcode_before_top_bar":"","ocean_shortcode_after_top_bar":"","ocean_shortcode_before_header":"","ocean_shortcode_after_header":"","ocean_has_shortcode":"","ocean_shortcode_after_title":"","ocean_shortcode_before_footer_widgets":"","ocean_shortcode_after_footer_widgets":"","ocean_shortcode_before_footer_bottom":"","ocean_shortcode_after_footer_bottom":"","ocean_display_top_bar":"default","ocean_display_header":"default","ocean_header_style":"","ocean_center_header_left_menu":"","ocean_custom_header_template":"","ocean_custom_logo":0,"ocean_custom_retina_logo":0,"ocean_custom_logo_max_width":0,"ocean_custom_logo_tablet_max_width":0,"ocean_custom_logo_mobile_max_width":0,"ocean_custom_logo_max_height":0,"ocean_custom_logo_tablet_max_height":0,"ocean_custom_logo_mobile_max_height":0,"ocean_header_custom_menu":"","ocean_menu_typo_font_family":"","ocean_menu_typo_font_subset":"","ocean_menu_typo_font_size":0,"ocean_menu_typo_font_size_tablet":0,"ocean_menu_typo_font_size_mobile":0,"ocean_menu_typo_font_size_unit":"px","ocean_menu_typo_font_weight":"","ocean_menu_typo_font_weight_tablet":"","ocean_menu_typo_font_weight_mobile":"","ocean_menu_typo_transform":"","ocean_menu_typo_transform_tablet":"","ocean_menu_typo_transform_mobile":"","ocean_menu_typo_line_height":0,"ocean_menu_typo_line_height_tablet":0,"ocean_menu_typo_line_height_mobile":0,"ocean_menu_typo_line_height_unit":"","ocean_menu_typo_spacing":0,"ocean_menu_typo_spacing_tablet":0,"ocean_menu_typo_spacing_mobile":0,"ocean_menu_typo_spacing_unit":"","ocean_menu_link_color":"","ocean_menu_link_color_hover":"","ocean_menu_link_color_active":"","ocean_menu_link_background":"","ocean_menu_link_hover_background":"","ocean_menu_link_active_background":"","ocean_menu_social_links_bg":"","ocean_menu_social_hover_links_bg":"","ocean_menu_social_links_color":"","ocean_menu_social_hover_links_color":"","ocean_disable_title":"default","ocean_disable_heading":"default","ocean_post_title":"","ocean_post_subheading":"","ocean_post_title_style":"","ocean_post_title_background_color":"","ocean_post_title_background":0,"ocean_post_title_bg_image_position":"","ocean_post_title_bg_image_attachment":"","ocean_post_title_bg_image_repeat":"","ocean_post_title_bg_image_size":"","ocean_post_title_height":0,"ocean_post_title_bg_overlay":0.5,"ocean_post_title_bg_overlay_color":"","ocean_disable_breadcrumbs":"default","ocean_breadcrumbs_color":"","ocean_breadcrumbs_separator_color":"","ocean_breadcrumbs_links_color":"","ocean_breadcrumbs_links_hover_color":"","ocean_display_footer_widgets":"default","ocean_display_footer_bottom":"default","ocean_custom_footer_template":"","footnotes":""},"class_list":["post-1077","page","type-page","status-publish","hentry","entry"],"aioseo_notices":[],"_links":{"self":[{"href":"https:\/\/marfilmes.com\/en\/wp-json\/wp\/v2\/pages\/1077","targetHints":{"allow":["GET"]}}],"collection":[{"href":"https:\/\/marfilmes.com\/en\/wp-json\/wp\/v2\/pages"}],"about":[{"href":"https:\/\/marfilmes.com\/en\/wp-json\/wp\/v2\/types\/page"}],"author":[{"embeddable":true,"href":"https:\/\/marfilmes.com\/en\/wp-json\/wp\/v2\/users\/1"}],"replies":[{"embeddable":true,"href":"https:\/\/marfilmes.com\/en\/wp-json\/wp\/v2\/comments?post=1077"}],"version-history":[{"count":22,"href":"https:\/\/marfilmes.com\/en\/wp-json\/wp\/v2\/pages\/1077\/revisions"}],"predecessor-version":[{"id":1361,"href":"https:\/\/marfilmes.com\/en\/wp-json\/wp\/v2\/pages\/1077\/revisions\/1361"}],"wp:attachment":[{"href":"https:\/\/marfilmes.com\/en\/wp-json\/wp\/v2\/media?parent=1077"}],"curies":[{"name":"wp","href":"https:\/\/api.w.org\/{rel}","templated":true}]}}